{"id":42,"date":"2023-05-22T22:06:08","date_gmt":"2023-05-22T22:06:08","guid":{"rendered":"https:\/\/micmol-america.com\/?page_id=42"},"modified":"2023-06-17T18:50:09","modified_gmt":"2023-06-17T18:50:09","slug":"aplicacion","status":"publish","type":"page","link":"https:\/\/micmol-america.com\/index.php\/aplicacion\/","title":{"rendered":""},"content":{"rendered":"\n<div class=\"wp-block-cover alignfull\" style=\"min-height:111px\"><span aria-hidden=\"true\" class=\"wp-block-cover__background has-black-background-color has-background-dim-100 has-background-dim\"><\/span><div class=\"wp-block-cover__inner-container\">\n<figure class=\"wp-block-image alignfull size-large\"><img decoding=\"async\" loading=\"lazy\" width=\"1516\" height=\"474\" src=\"https:\/\/micmol-america.com\/wp-content\/uploads\/2023\/05\/0-1024x320.png\" alt=\"\" class=\"wp-image-307\" srcset=\"https:\/\/micmol-america.com\/wp-content\/uploads\/2023\/05\/0-1024x320.png 1024w, https:\/\/micmol-america.com\/wp-content\/uploads\/2023\/05\/0-300x94.png 300w, https:\/\/micmol-america.com\/wp-content\/uploads\/2023\/05\/0-768x240.png 768w, https:\/\/micmol-america.com\/wp-content\/uploads\/2023\/05\/0.png 1516w\" sizes=\"(max-width: 1516px) 100vw, 1516px\" \/><\/figure>\n\n\n\n<p class=\"has-text-align-center has-border-alt-color has-text-color\" style=\"font-size:clamp(21.75px, 1.359rem + ((1vw - 7.68px) * 0.871), 29px);\"><strong>Control de la nube en cualquier lugar | WIFI + Bluetooh Conexi\u00f3n f\u00e1cil<\/strong><\/p>\n\n\n\n<div class=\"wp-block-columns is-layout-flex wp-container-2\">\n<div class=\"wp-block-column is-layout-flow\" style=\"flex-basis:100%\">\n<figure class=\"wp-block-image aligncenter is-resized\"><img decoding=\"async\" loading=\"lazy\" src=\"https:\/\/micmol-america.com\/wp-content\/uploads\/2023\/05\/1.png\" alt=\"\" class=\"wp-image-309\" width=\"1450\" height=\"861\" srcset=\"https:\/\/micmol-america.com\/wp-content\/uploads\/2023\/05\/1.png 1477w, https:\/\/micmol-america.com\/wp-content\/uploads\/2023\/05\/1-300x178.png 300w, https:\/\/micmol-america.com\/wp-content\/uploads\/2023\/05\/1-1024x608.png 1024w, https:\/\/micmol-america.com\/wp-content\/uploads\/2023\/05\/1-768x456.png 768w\" sizes=\"(max-width: 1450px) 100vw, 1450px\" \/><\/figure>\n<\/div>\n<\/div>\n\n\n\n<div class=\"wp-block-columns is-layout-flex wp-container-5\">\n<div class=\"wp-block-column is-layout-flow\">\n<p class=\"has-text-align-center has-transparent-background-color has-text-color has-background has-medium-plus-font-size\" style=\"color:#12d8d1;margin-top:0;margin-right:0;margin-bottom:0;margin-left:0;padding-top:var(--wp--preset--spacing--40);padding-right:var(--wp--preset--spacing--40);padding-bottom:var(--wp--preset--spacing--40);padding-left:var(--wp--preset--spacing--40);text-transform:none\"><strong>Servicio basado en la nube de dise\u00f1o completamente nuevo<\/strong><\/p>\n\n\n\n<p class=\"has-text-align-center\" style=\"margin-top:var(--wp--preset--spacing--50);margin-right:var(--wp--preset--spacing--50);margin-bottom:var(--wp--preset--spacing--50);margin-left:var(--wp--preset--spacing--50)\"><strong>que lo conecta a todos sus dispositivos&nbsp;iMicMol&nbsp;y los controla f\u00e1cilmente en cualquier lugar.&nbsp;El doble m\u00f3dulo de WiFi + Bluetooth, hace que la conexi\u00f3n sea f\u00e1cil y r\u00e1pida.&nbsp;El enchufe expandible est\u00e1 disponible y se adapta a m\u00e1s dispositivos, como bombas, ventiladores, etc. Los ajustes enriquecidos hacen que la iluminaci\u00f3n sea m\u00e1s potente.<\/strong><\/p>\n\n\n\n<p><br><\/p>\n<\/div>\n\n\n\n<div class=\"wp-block-column is-layout-flow\">\n<figure class=\"wp-block-image alignleft size-full is-resized\"><img decoding=\"async\" loading=\"lazy\" src=\"https:\/\/micmol-america.com\/wp-content\/uploads\/2023\/05\/2.png\" alt=\"\" class=\"wp-image-312\" width=\"352\" height=\"603\" srcset=\"https:\/\/micmol-america.com\/wp-content\/uploads\/2023\/05\/2.png 490w, https:\/\/micmol-america.com\/wp-content\/uploads\/2023\/05\/2-175x300.png 175w\" sizes=\"(max-width: 352px) 100vw, 352px\" \/><\/figure>\n<\/div>\n<\/div>\n\n\n\n<p class=\"has-text-align-center has-text-color\" style=\"color:#08e1d3;font-size:clamp(30.75px, 1.922rem + ((1vw - 7.68px) * 1.232), 41px);\"><strong>Descripci\u00f3n general del controlador Wi-Fi<\/strong><\/p>\n\n\n\n<div class=\"wp-block-columns is-layout-flex wp-container-7\">\n<div class=\"wp-block-column is-layout-flow\" style=\"flex-basis:100%\">\n<figure class=\"wp-block-image aligncenter size-large is-resized\"><img decoding=\"async\" loading=\"lazy\" src=\"https:\/\/micmol-america.com\/wp-content\/uploads\/2023\/05\/3-1024x747.png\" alt=\"\" class=\"wp-image-316\" width=\"1450\" height=\"1058\" srcset=\"https:\/\/micmol-america.com\/wp-content\/uploads\/2023\/05\/3-1024x747.png 1024w, https:\/\/micmol-america.com\/wp-content\/uploads\/2023\/05\/3-300x219.png 300w, https:\/\/micmol-america.com\/wp-content\/uploads\/2023\/05\/3-768x560.png 768w, https:\/\/micmol-america.com\/wp-content\/uploads\/2023\/05\/3.png 1164w\" sizes=\"(max-width: 1450px) 100vw, 1450px\" \/><\/figure>\n<\/div>\n<\/div>\n\n\n\n<p class=\"has-text-align-center has-text-color\" style=\"color:#33dfc8;font-size:clamp(27.75px, 1.734rem + ((1vw - 7.68px) * 1.112), 37px);\"><strong>Resumen de control<\/strong><\/p>\n\n\n\n<div class=\"wp-block-columns is-layout-flex wp-container-9\">\n<div class=\"wp-block-column is-layout-flow\" style=\"flex-basis:100%\">\n<figure class=\"wp-block-image aligncenter size-large is-resized\"><img decoding=\"async\" loading=\"lazy\" src=\"https:\/\/micmol-america.com\/wp-content\/uploads\/2023\/05\/33-1024x671.png\" alt=\"\" class=\"wp-image-317\" width=\"1450\" height=\"950\" srcset=\"https:\/\/micmol-america.com\/wp-content\/uploads\/2023\/05\/33-1024x671.png 1024w, https:\/\/micmol-america.com\/wp-content\/uploads\/2023\/05\/33-300x196.png 300w, https:\/\/micmol-america.com\/wp-content\/uploads\/2023\/05\/33-768x503.png 768w, https:\/\/micmol-america.com\/wp-content\/uploads\/2023\/05\/33.png 1330w\" sizes=\"(max-width: 1450px) 100vw, 1450px\" \/><\/figure>\n<\/div>\n<\/div>\n\n\n\n<p class=\"has-text-align-center has-text-color\" style=\"color:#4ddede;font-size:clamp(27px, 1.688rem + ((1vw - 7.68px) * 1.082), 36px);\"><strong>Ampliar descripci\u00f3n general<\/strong><\/p>\n\n\n\n<div class=\"wp-block-columns is-layout-flex wp-container-13\">\n<div class=\"wp-block-column is-layout-flow\" style=\"flex-basis:100%\">\n<div class=\"wp-block-columns is-layout-flex wp-container-11\">\n<div class=\"wp-block-column is-layout-flow\" style=\"flex-basis:100%\">\n<figure class=\"wp-block-image aligncenter size-large is-resized\"><img decoding=\"async\" loading=\"lazy\" src=\"https:\/\/micmol-america.com\/wp-content\/uploads\/2023\/05\/4-1024x673.png\" alt=\"\" class=\"wp-image-318\" width=\"1450\" height=\"952\" srcset=\"https:\/\/micmol-america.com\/wp-content\/uploads\/2023\/05\/4-1024x673.png 1024w, https:\/\/micmol-america.com\/wp-content\/uploads\/2023\/05\/4-300x197.png 300w, https:\/\/micmol-america.com\/wp-content\/uploads\/2023\/05\/4-768x504.png 768w, https:\/\/micmol-america.com\/wp-content\/uploads\/2023\/05\/4.png 1294w\" sizes=\"(max-width: 1450px) 100vw, 1450px\" \/><\/figure>\n<\/div>\n<\/div>\n<\/div>\n<\/div>\n\n\n\n<p class=\"has-text-align-center has-text-color\" style=\"color:#4be3ce;font-size:clamp(29.25px, 1.828rem + ((1vw - 7.68px) * 1.172), 39px);\"><strong>Descripci\u00f3n genral del efecto de iluminaci\u00f3n <\/strong><\/p>\n\n\n\n<div class=\"wp-block-columns is-layout-flex wp-container-15\">\n<div class=\"wp-block-column is-layout-flow\" style=\"flex-basis:100%\">\n<figure class=\"wp-block-image aligncenter size-large is-resized\"><img decoding=\"async\" loading=\"lazy\" src=\"https:\/\/micmol-america.com\/wp-content\/uploads\/2023\/05\/5-1024x634.png\" alt=\"\" class=\"wp-image-319\" width=\"1450\" height=\"896\" srcset=\"https:\/\/micmol-america.com\/wp-content\/uploads\/2023\/05\/5-1024x634.png 1024w, https:\/\/micmol-america.com\/wp-content\/uploads\/2023\/05\/5-300x186.png 300w, https:\/\/micmol-america.com\/wp-content\/uploads\/2023\/05\/5-768x475.png 768w\" sizes=\"(max-width: 1450px) 100vw, 1450px\" \/><\/figure>\n<\/div>\n<\/div>\n\n\n\n<p class=\"has-text-align-center has-text-color\" style=\"color:#5be3cc;font-size:clamp(29.25px, 1.828rem + ((1vw - 7.68px) * 1.172), 39px);\"><strong>Descarga la aplicaci\u00f3n y comienza tu iluminaci\u00f3n.<\/strong><\/p>\n\n\n\n<p class=\"has-text-align-center has-background-color has-text-color\">Puedes buscar la aplicaci\u00f3n desde App Store y Google Play con la palabra clave &#8220;iMicMol&#8221;.<\/p>\n\n\n\n<div class=\"wp-block-columns is-layout-flex wp-container-17\">\n<div class=\"wp-block-column is-layout-flow\" style=\"flex-basis:100%\">\n<figure class=\"wp-block-image aligncenter size-large is-resized\"><img decoding=\"async\" loading=\"lazy\" src=\"https:\/\/micmol-america.com\/wp-content\/uploads\/2023\/05\/6-1024x421.png\" alt=\"\" class=\"wp-image-320\" width=\"1450\" height=\"595\" srcset=\"https:\/\/micmol-america.com\/wp-content\/uploads\/2023\/05\/6-1024x421.png 1024w, https:\/\/micmol-america.com\/wp-content\/uploads\/2023\/05\/6-300x123.png 300w, https:\/\/micmol-america.com\/wp-content\/uploads\/2023\/05\/6-768x316.png 768w\" sizes=\"(max-width: 1450px) 100vw, 1450px\" \/><\/figure>\n<\/div>\n<\/div>\n<\/div><\/div>\n\n\n\n<div class=\"wp-block-columns is-layout-flex wp-container-19\">\n<div class=\"wp-block-column is-layout-flow\"><\/div>\n<\/div>\n","protected":false},"excerpt":{"rendered":"","protected":false},"author":1,"featured_media":0,"parent":0,"menu_order":0,"comment_status":"closed","ping_status":"closed","template":"","meta":[],"_links":{"self":[{"href":"https:\/\/micmol-america.com\/index.php\/wp-json\/wp\/v2\/pages\/42"}],"collection":[{"href":"https:\/\/micmol-america.com\/index.php\/wp-json\/wp\/v2\/pages"}],"about":[{"href":"https:\/\/micmol-america.com\/index.php\/wp-json\/wp\/v2\/types\/page"}],"author":[{"embeddable":true,"href":"https:\/\/micmol-america.com\/index.php\/wp-json\/wp\/v2\/users\/1"}],"replies":[{"embeddable":true,"href":"https:\/\/micmol-america.com\/index.php\/wp-json\/wp\/v2\/comments?post=42"}],"version-history":[{"count":16,"href":"https:\/\/micmol-america.com\/index.php\/wp-json\/wp\/v2\/pages\/42\/revisions"}],"predecessor-version":[{"id":534,"href":"https:\/\/micmol-america.com\/index.php\/wp-json\/wp\/v2\/pages\/42\/revisions\/534"}],"wp:attachment":[{"href":"https:\/\/micmol-america.com\/index.php\/wp-json\/wp\/v2\/media?parent=42"}],"curies":[{"name":"wp","href":"https:\/\/api.w.org\/{rel}","templated":true}]}}