{"id":46,"date":"2023-05-22T22:07:25","date_gmt":"2023-05-22T22:07:25","guid":{"rendered":"https:\/\/micmol-america.com\/?page_id=46"},"modified":"2023-06-17T18:51:44","modified_gmt":"2023-06-17T18:51:44","slug":"soporte","status":"publish","type":"page","link":"https:\/\/micmol-america.com\/index.php\/soporte\/","title":{"rendered":"Soporte"},"content":{"rendered":"\t\t<div data-elementor-type=\"wp-page\" data-elementor-id=\"46\" class=\"elementor elementor-46\">\n\t\t\t\t\t\t\t\t\t<section class=\"elementor-section elementor-top-section elementor-element elementor-element-ec7ff35 elementor-section-stretched elementor-section-boxed elementor-section-height-default elementor-section-height-default\" data-id=\"ec7ff35\" data-element_type=\"section\" data-settings=\"{&quot;stretch_section&quot;:&quot;section-stretched&quot;}\">\n\t\t\t\t\t\t<div class=\"elementor-container elementor-column-gap-default\">\n\t\t\t\t\t<div class=\"elementor-column elementor-col-100 elementor-top-column elementor-element elementor-element-c881d54\" data-id=\"c881d54\" data-element_type=\"column\">\n\t\t\t<div class=\"elementor-widget-wrap elementor-element-populated\">\n\t\t\t\t\t\t\t\t<div class=\"elementor-element elementor-element-fa88ea7 elementor-widget elementor-widget-image\" data-id=\"fa88ea7\" data-element_type=\"widget\" data-widget_type=\"image.default\">\n\t\t\t\t<div class=\"elementor-widget-container\">\n\t\t\t<style>\/*! elementor - v3.13.2 - 11-05-2023 *\/\n.elementor-widget-image{text-align:center}.elementor-widget-image a{display:inline-block}.elementor-widget-image a img[src$=\".svg\"]{width:48px}.elementor-widget-image img{vertical-align:middle;display:inline-block}<\/style>\t\t\t\t\t\t\t\t\t\t\t\t<img decoding=\"async\" width=\"1024\" height=\"338\" src=\"https:\/\/micmol-america.com\/wp-content\/uploads\/2023\/06\/90152853_1919427891523245_2372996781391740928_n-1024x338.jpg\" class=\"attachment-large size-large wp-image-464\" alt=\"\" loading=\"lazy\" srcset=\"https:\/\/micmol-america.com\/wp-content\/uploads\/2023\/06\/90152853_1919427891523245_2372996781391740928_n-1024x338.jpg 1024w, https:\/\/micmol-america.com\/wp-content\/uploads\/2023\/06\/90152853_1919427891523245_2372996781391740928_n-300x99.jpg 300w, https:\/\/micmol-america.com\/wp-content\/uploads\/2023\/06\/90152853_1919427891523245_2372996781391740928_n-768x253.jpg 768w, https:\/\/micmol-america.com\/wp-content\/uploads\/2023\/06\/90152853_1919427891523245_2372996781391740928_n-1536x506.jpg 1536w, https:\/\/micmol-america.com\/wp-content\/uploads\/2023\/06\/90152853_1919427891523245_2372996781391740928_n-2048x675.jpg 2048w\" sizes=\"(max-width: 1024px) 100vw, 1024px\" \/>\t\t\t\t\t\t\t\t\t\t\t\t\t\t\t<\/div>\n\t\t\t\t<\/div>\n\t\t\t\t\t<\/div>\n\t\t<\/div>\n\t\t\t\t\t\t\t<\/div>\n\t\t<\/section>\n\t\t\t\t<section class=\"elementor-section elementor-top-section elementor-element elementor-element-a3a46d4 elementor-section-boxed elementor-section-height-default elementor-section-height-default\" data-id=\"a3a46d4\" data-element_type=\"section\">\n\t\t\t\t\t\t<div class=\"elementor-container elementor-column-gap-default\">\n\t\t\t\t\t<div class=\"elementor-column elementor-col-50 elementor-top-column elementor-element elementor-element-f58b0d1\" data-id=\"f58b0d1\" data-element_type=\"column\">\n\t\t\t<div class=\"elementor-widget-wrap elementor-element-populated\">\n\t\t\t\t\t\t\t\t<div class=\"elementor-element elementor-element-2165836 elementor-widget elementor-widget-text-editor\" data-id=\"2165836\" data-element_type=\"widget\" data-widget_type=\"text-editor.default\">\n\t\t\t\t<div class=\"elementor-widget-container\">\n\t\t\t<style>\/*! elementor - v3.13.2 - 11-05-2023 *\/\n.elementor-widget-text-editor.elementor-drop-cap-view-stacked .elementor-drop-cap{background-color:#69727d;color:#fff}.elementor-widget-text-editor.elementor-drop-cap-view-framed .elementor-drop-cap{color:#69727d;border:3px solid;background-color:transparent}.elementor-widget-text-editor:not(.elementor-drop-cap-view-default) .elementor-drop-cap{margin-top:8px}.elementor-widget-text-editor:not(.elementor-drop-cap-view-default) .elementor-drop-cap-letter{width:1em;height:1em}.elementor-widget-text-editor .elementor-drop-cap{float:left;text-align:center;line-height:1;font-size:50px}.elementor-widget-text-editor .elementor-drop-cap-letter{display:inline-block}<\/style>\t\t\t\t<p>APOYO<\/p><p><a href=\"https:\/\/micmol-america.com\/index.php\/soporte\/\">MicMol<\/a><\/p><p><a href=\"https:\/\/micmol-america.com\/index.php\/accesorios\/\">Accesorios<\/a><\/p><p><a href=\"https:\/\/micmol-america.com\/index.php\/descargas\/\">Descargar\u00a0<\/a><\/p><p>Pol\u00edtica de privacidad<\/p><p>\u00a0<\/p>\t\t\t\t\t\t<\/div>\n\t\t\t\t<\/div>\n\t\t\t\t\t<\/div>\n\t\t<\/div>\n\t\t\t\t<div class=\"elementor-column elementor-col-50 elementor-top-column elementor-element elementor-element-c5a2f38\" data-id=\"c5a2f38\" data-element_type=\"column\">\n\t\t\t<div class=\"elementor-widget-wrap elementor-element-populated\">\n\t\t\t\t\t\t\t\t<div class=\"elementor-element elementor-element-6b446d1 elementor-widget elementor-widget-video\" data-id=\"6b446d1\" data-element_type=\"widget\" data-settings=\"{&quot;video_type&quot;:&quot;hosted&quot;,&quot;controls&quot;:&quot;yes&quot;}\" data-widget_type=\"video.default\">\n\t\t\t\t<div class=\"elementor-widget-container\">\n\t\t\t<style>\/*! elementor - v3.13.2 - 11-05-2023 *\/\n.elementor-widget-video .elementor-widget-container{overflow:hidden;transform:translateZ(0)}.elementor-widget-video .elementor-wrapper{aspect-ratio:var(--video-aspect-ratio)}.elementor-widget-video .elementor-wrapper iframe,.elementor-widget-video .elementor-wrapper video{height:100%;width:100%;display:flex;border:none;background-color:#000}@supports not (aspect-ratio:1\/1){.elementor-widget-video .elementor-wrapper{position:relative;overflow:hidden;height:0;padding-bottom:calc(100% \/ var(--video-aspect-ratio))}.elementor-widget-video .elementor-wrapper iframe,.elementor-widget-video .elementor-wrapper video{position:absolute;top:0;right:0;bottom:0;left:0}}.elementor-widget-video .elementor-open-inline .elementor-custom-embed-image-overlay{position:absolute;top:0;left:0;width:100%;height:100%;background-size:cover;background-position:50%}.elementor-widget-video .elementor-custom-embed-image-overlay{cursor:pointer;text-align:center}.elementor-widget-video .elementor-custom-embed-image-overlay:hover .elementor-custom-embed-play i{opacity:1}.elementor-widget-video .elementor-custom-embed-image-overlay img{display:block;width:100%}.elementor-widget-video .e-hosted-video .elementor-video{-o-object-fit:cover;object-fit:cover}.e-con-inner>.elementor-widget-video,.e-con>.elementor-widget-video{width:var(--container-widget-width);--flex-grow:var(--container-widget-flex-grow)}<\/style>\t\t<div class=\"e-hosted-video elementor-wrapper elementor-open-inline\">\n\t\t\t\t\t<video class=\"elementor-video\" src=\"https:\/\/micmol-america.com\/wp-content\/uploads\/2023\/06\/micmol.mp4\" controls=\"\" preload=\"metadata\" controlsList=\"nodownload\" poster=\"https:\/\/micmol-america.com\/wp-content\/uploads\/2023\/06\/micmol.png\"><\/video>\n\t\t\t\t<\/div>\n\t\t\t\t<\/div>\n\t\t\t\t<\/div>\n\t\t\t\t<div class=\"elementor-element elementor-element-daeddf7 elementor-widget elementor-widget-text-editor\" data-id=\"daeddf7\" data-element_type=\"widget\" data-widget_type=\"text-editor.default\">\n\t\t\t\t<div class=\"elementor-widget-container\">\n\t\t\t\t\t\t\t<p style=\"margin: 0px 0px 14px; padding: 0px; border: 0px; font-variant-numeric: inherit; font-variant-east-asian: inherit; font-variant-alternates: inherit; font-stretch: inherit; font-size: 15px; line-height: 19px; font-family: SF-Compact-Display-Regular, sans-serrif, FullerSansDTRegular, HelveticaNeue-Light, 'Helvetica Neue Light', HelveticaNeue, 'Helvetica Neue', TeXGyreHerosRegular, Helvetica, Arial; font-optical-sizing: inherit; font-kerning: inherit; font-feature-settings: inherit; font-variation-settings: inherit; vertical-align: baseline; color: #000000;\"><span style=\"vertical-align: inherit;\"><span style=\"vertical-align: inherit;\"><span style=\"vertical-align: inherit;\"><span style=\"vertical-align: inherit;\">MicMol, fundada en 2012, somos una empresa profesional de sistemas de iluminaci\u00f3n LED.\u00a0<\/span><\/span><\/span><span style=\"vertical-align: inherit;\"><span style=\"vertical-align: inherit;\"><span style=\"vertical-align: inherit;\">Nuestros negocios crean valor con innovaciones significativas que mejoran la vida de las personas.\u00a0<\/span><\/span><\/span><span style=\"vertical-align: inherit;\"><span style=\"vertical-align: inherit;\"><span style=\"vertical-align: inherit;\">Dise\u00f1amos los buenos productos y hacemos que la gente disfrute de lo que ama.\u00a0<\/span><\/span><\/span><span style=\"vertical-align: inherit;\"><span style=\"vertical-align: inherit;\"><span style=\"vertical-align: inherit;\">Creemos que lo creativo es ayuda y servicios para los pueblos.<\/span><\/span><\/span><\/span><\/p><p style=\"margin: 0px 0px 14px; padding: 0px; border: 0px; font-variant-numeric: inherit; font-variant-east-asian: inherit; font-variant-alternates: inherit; font-stretch: inherit; font-size: 15px; line-height: 19px; font-family: SF-Compact-Display-Regular, sans-serrif, FullerSansDTRegular, HelveticaNeue-Light, 'Helvetica Neue Light', HelveticaNeue, 'Helvetica Neue', TeXGyreHerosRegular, Helvetica, Arial; font-optical-sizing: inherit; font-kerning: inherit; font-feature-settings: inherit; font-variation-settings: inherit; vertical-align: baseline; color: #000000;\"><span style=\"vertical-align: inherit;\"><span style=\"vertical-align: inherit;\"><span style=\"vertical-align: inherit;\"><span style=\"vertical-align: inherit;\">MicMol es una empresa de moda y emprendedora, somos j\u00f3venes y tenemos innovaci\u00f3n, una vez que tengamos alguna idea haremos una muestra para probarla y mejorarla.\u00a0<\/span><\/span><\/span><span style=\"vertical-align: inherit;\"><span style=\"vertical-align: inherit;\"><span style=\"vertical-align: inherit;\">Nos gusta lo de la belleza, todos los productos est\u00e1n dise\u00f1ados seg\u00fan el concepto de simple y f\u00e1cil de usar.<\/span><\/span><\/span><\/span><\/p><p style=\"margin: 0px 0px 14px; padding: 0px; border: 0px; font-variant-numeric: inherit; font-variant-east-asian: inherit; font-variant-alternates: inherit; font-stretch: inherit; font-size: 15px; line-height: 19px; font-family: SF-Compact-Display-Regular, sans-serrif, FullerSansDTRegular, HelveticaNeue-Light, 'Helvetica Neue Light', HelveticaNeue, 'Helvetica Neue', TeXGyreHerosRegular, Helvetica, Arial; font-optical-sizing: inherit; font-kerning: inherit; font-feature-settings: inherit; font-variation-settings: inherit; vertical-align: baseline; color: #000000;\"><span style=\"vertical-align: inherit;\"><span style=\"vertical-align: inherit;\"><span style=\"vertical-align: inherit;\"><span style=\"vertical-align: inherit;\">Ahora, hemos dise\u00f1ado las series Aqua mini, Aqua Pro y Aqua Air, que son populares entre los fan\u00e1ticos de los arrecifes.\u00a0<\/span><\/span><\/span><span style=\"vertical-align: inherit;\"><span style=\"vertical-align: inherit;\"><span style=\"vertical-align: inherit;\">E iremos a la horticultura para dise\u00f1ar la iluminaci\u00f3n de las flores, las verduras e incluso la sala de cultivo.<\/span><\/span><\/span><\/span><\/p><p style=\"margin: 0px 0px 14px; padding: 0px; border: 0px; font-variant-numeric: inherit; font-variant-east-asian: inherit; font-variant-alternates: inherit; font-stretch: inherit; font-size: 15px; line-height: 19px; font-family: SF-Compact-Display-Regular, sans-serrif, FullerSansDTRegular, HelveticaNeue-Light, 'Helvetica Neue Light', HelveticaNeue, 'Helvetica Neue', TeXGyreHerosRegular, Helvetica, Arial; font-optical-sizing: inherit; font-kerning: inherit; font-feature-settings: inherit; font-variation-settings: inherit; vertical-align: baseline; color: #000000;\"><span style=\"vertical-align: inherit;\"><span style=\"vertical-align: inherit;\"><span style=\"vertical-align: inherit;\">MicMol siempre se enfoca en crear productos, soluciones que hacen que la vida sea m\u00e1s simple, placentera y productiva, tanto en entornos profesionales como personales.<\/span><\/span><\/span><\/p><p style=\"margin: 0px 0px 14px; padding: 0px; border: 0px; font-variant-numeric: inherit; font-variant-east-asian: inherit; font-variant-alternates: inherit; font-stretch: inherit; font-size: 15px; line-height: 19px; font-family: SF-Compact-Display-Regular, sans-serrif, FullerSansDTRegular, HelveticaNeue-Light, 'Helvetica Neue Light', HelveticaNeue, 'Helvetica Neue', TeXGyreHerosRegular, Helvetica, Arial; font-optical-sizing: inherit; font-kerning: inherit; font-feature-settings: inherit; font-variation-settings: inherit; vertical-align: baseline; color: #000000;\"><span style=\"vertical-align: inherit;\"><span style=\"vertical-align: inherit;\"><span style=\"vertical-align: inherit;\"><span style=\"vertical-align: inherit;\">Estamos muy agradecidos por todas las personas que nos han dado buenos consejos y un gran apoyo.\u00a0<\/span><\/span><\/span><span style=\"vertical-align: inherit;\"><span style=\"vertical-align: inherit;\"><span style=\"vertical-align: inherit;\">Eres nuestro poder y nos haces seguir adelante, muchas gracias.<\/span><\/span><\/span><\/span><\/p>\t\t\t\t\t\t<\/div>\n\t\t\t\t<\/div>\n\t\t\t\t\t<\/div>\n\t\t<\/div>\n\t\t\t\t\t\t\t<\/div>\n\t\t<\/section>\n\t\t\t\t\t\t\t<\/div>\n\t\t","protected":false},"excerpt":{"rendered":"<p>APOYO MicMol Accesorios Descargar\u00a0 Pol\u00edtica de privacidad \u00a0 https:\/\/micmol-america.com\/wp-content\/uploads\/2023\/06\/micmol.mp4 MicMol, fundada en 2012, somos una empresa profesional de sistemas de iluminaci\u00f3n LED.\u00a0Nuestros negocios crean valor con innovaciones significativas que mejoran la vida de las personas.\u00a0Dise\u00f1amos los buenos productos y hacemos que la gente disfrute de lo que ama.\u00a0Creemos que lo creativo es ayuda y servicios [&hellip;]<\/p>\n","protected":false},"author":1,"featured_media":0,"parent":0,"menu_order":0,"comment_status":"closed","ping_status":"closed","template":"","meta":[],"_links":{"self":[{"href":"https:\/\/micmol-america.com\/index.php\/wp-json\/wp\/v2\/pages\/46"}],"collection":[{"href":"https:\/\/micmol-america.com\/index.php\/wp-json\/wp\/v2\/pages"}],"about":[{"href":"https:\/\/micmol-america.com\/index.php\/wp-json\/wp\/v2\/types\/page"}],"author":[{"embeddable":true,"href":"https:\/\/micmol-america.com\/index.php\/wp-json\/wp\/v2\/users\/1"}],"replies":[{"embeddable":true,"href":"https:\/\/micmol-america.com\/index.php\/wp-json\/wp\/v2\/comments?post=46"}],"version-history":[{"count":17,"href":"https:\/\/micmol-america.com\/index.php\/wp-json\/wp\/v2\/pages\/46\/revisions"}],"predecessor-version":[{"id":537,"href":"https:\/\/micmol-america.com\/index.php\/wp-json\/wp\/v2\/pages\/46\/revisions\/537"}],"wp:attachment":[{"href":"https:\/\/micmol-america.com\/index.php\/wp-json\/wp\/v2\/media?parent=46"}],"curies":[{"name":"wp","href":"https:\/\/api.w.org\/{rel}","templated":true}]}}